{"id":3641,"date":"2020-01-13T11:17:52","date_gmt":"2020-01-13T11:17:52","guid":{"rendered":"https:\/\/demosites.io\/marketing-agency-gb\/?page_id=5"},"modified":"2026-04-01T12:19:55","modified_gmt":"2026-04-01T12:19:55","slug":"bcd31-home","status":"publish","type":"page","link":"https:\/\/netclean.com.mx\/en\/","title":{"rendered":"Home"},"content":{"rendered":"\t\t<div data-elementor-type=\"wp-page\" data-elementor-id=\"3641\" class=\"elementor elementor-3641\">\n\t\t\t\t<div class=\"elementor-element elementor-element-1bcafa59 e-flex e-con-boxed e-con e-parent\" data-id=\"1bcafa59\" data-element_type=\"container\" data-e-type=\"container\">\n\t\t\t\t\t<div class=\"e-con-inner\">\n\t\t<div class=\"elementor-element elementor-element-6d803e4 e-con-full e-flex e-con e-child\" data-id=\"6d803e4\" data-element_type=\"container\" data-e-type=\"container\">\n\t\t\t\t<div class=\"elementor-element elementor-element-2592a9e elementor-widget elementor-widget-heading\" data-id=\"2592a9e\" data-element_type=\"widget\" data-e-type=\"widget\" data-widget_type=\"heading.default\">\n\t\t\t\t\t<h1 class=\"elementor-heading-title elementor-size-default\">Servicio de limpieza<\/h1>\t\t\t\t<\/div>\n\t\t<div class=\"elementor-element elementor-element-ad24ffc e-con-full e-flex e-con e-child\" data-id=\"ad24ffc\" data-element_type=\"container\" data-e-type=\"container\">\n\t\t\t\t<div class=\"elementor-element elementor-element-ceec718 elementor-widget elementor-widget-heading\" data-id=\"ceec718\" data-element_type=\"widget\" data-e-type=\"widget\" data-widget_type=\"heading.default\">\n\t\t\t\t\t<h2 class=\"elementor-heading-title elementor-size-default\">Nuestros Servicios de Limpieza<\/h2>\t\t\t\t<\/div>\n\t\t\t\t<div class=\"elementor-element elementor-element-a336b84 elementor-widget elementor-widget-image\" data-id=\"a336b84\" data-element_type=\"widget\" data-e-type=\"widget\" data-widget_type=\"image.default\">\n\t\t\t\t\t\t\t\t\t\t\t\t\t\t\t<img fetchpriority=\"high\" decoding=\"async\" width=\"800\" height=\"534\" src=\"https:\/\/netclean.com.mx\/wp-content\/uploads\/2026\/03\/pexels-photo-6195288-6195288-1024x683.jpg\" class=\"attachment-large size-large wp-image-4540\" alt=\"Two workers in protective gear vacuum and disinfect a modern living room.\" srcset=\"https:\/\/netclean.com.mx\/wp-content\/uploads\/2026\/03\/pexels-photo-6195288-6195288-1024x683.jpg 1024w, https:\/\/netclean.com.mx\/wp-content\/uploads\/2026\/03\/pexels-photo-6195288-6195288-300x200.jpg 300w, https:\/\/netclean.com.mx\/wp-content\/uploads\/2026\/03\/pexels-photo-6195288-6195288-768x512.jpg 768w, https:\/\/netclean.com.mx\/wp-content\/uploads\/2026\/03\/pexels-photo-6195288-6195288-1536x1024.jpg 1536w, https:\/\/netclean.com.mx\/wp-content\/uploads\/2026\/03\/pexels-photo-6195288-6195288-2048x1365.jpg 2048w\" sizes=\"(max-width: 800px) 100vw, 800px\" \/>\t\t\t\t\t\t\t\t\t\t\t\t\t\t\t<\/div>\n\t\t\t\t<div class=\"elementor-element elementor-element-7e1cac3 elementor-widget elementor-widget-text-editor\" data-id=\"7e1cac3\" data-element_type=\"widget\" data-e-type=\"widget\" data-widget_type=\"text-editor.default\">\n\t\t\t\t\t\t\t\t\t<p data-start=\"430\" data-end=\"462\"><strong data-start=\"430\" data-end=\"462\">Limpieza y mantenimiento de Condominios<\/strong><\/p><blockquote data-start=\"464\" data-end=\"627\"><p data-start=\"466\" data-end=\"627\">Servicio completo de limpieza y mantenimiento para condominios y residenciales, garantizando espacios limpios, seguros y bien cuidados para todos los residentes.<\/p><\/blockquote>\t\t\t\t\t\t\t\t<\/div>\n\t\t\t\t<div class=\"elementor-element elementor-element-61f610b elementor-widget elementor-widget-image\" data-id=\"61f610b\" data-element_type=\"widget\" data-e-type=\"widget\" data-widget_type=\"image.default\">\n\t\t\t\t\t\t\t\t\t\t\t\t\t\t\t\t<a href=\"https:\/\/netclean.com.mx\/limpieza-de-albercas-en-tulum\/\">\n\t\t\t\t\t\t\t<img decoding=\"async\" width=\"683\" height=\"1024\" src=\"https:\/\/netclean.com.mx\/wp-content\/uploads\/2026\/03\/pexels-photo-27307400-27307400-683x1024.jpg\" class=\"attachment-large size-large wp-image-4529\" alt=\"Contemporary cityscape featuring luxury apartments with balconies and outdoor pathways.\" srcset=\"https:\/\/netclean.com.mx\/wp-content\/uploads\/2026\/03\/pexels-photo-27307400-27307400-683x1024.jpg 683w, https:\/\/netclean.com.mx\/wp-content\/uploads\/2026\/03\/pexels-photo-27307400-27307400-200x300.jpg 200w, https:\/\/netclean.com.mx\/wp-content\/uploads\/2026\/03\/pexels-photo-27307400-27307400-768x1152.jpg 768w, https:\/\/netclean.com.mx\/wp-content\/uploads\/2026\/03\/pexels-photo-27307400-27307400-1024x1536.jpg 1024w, https:\/\/netclean.com.mx\/wp-content\/uploads\/2026\/03\/pexels-photo-27307400-27307400-1365x2048.jpg 1365w, https:\/\/netclean.com.mx\/wp-content\/uploads\/2026\/03\/pexels-photo-27307400-27307400-scaled.jpg 1707w\" sizes=\"(max-width: 683px) 100vw, 683px\" \/>\t\t\t\t\t\t\t\t<\/a>\n\t\t\t\t\t\t\t\t\t\t\t\t\t\t\t<\/div>\n\t\t\t\t<div class=\"elementor-element elementor-element-9ce2e5f elementor-widget elementor-widget-text-editor\" data-id=\"9ce2e5f\" data-element_type=\"widget\" data-e-type=\"widget\" data-widget_type=\"text-editor.default\">\n\t\t\t\t\t\t\t\t\t<p data-start=\"653\" data-end=\"674\"><strong><span style=\"text-decoration: underline;\"><em>Limpieza Integral<\/em><\/span><\/strong><\/p><blockquote data-start=\"676\" data-end=\"818\"><p data-start=\"678\" data-end=\"818\">Limpieza profunda para hogares, oficinas y negocios. Nos encargamos de cada detalle para dejar tus espacios impecables y libres de suciedad.<\/p><\/blockquote>\t\t\t\t\t\t\t\t<\/div>\n\t\t\t\t<div class=\"elementor-element elementor-element-c3cf236 elementor-widget elementor-widget-image\" data-id=\"c3cf236\" data-element_type=\"widget\" data-e-type=\"widget\" data-widget_type=\"image.default\">\n\t\t\t\t\t\t\t\t\t\t\t\t\t\t\t<img decoding=\"async\" width=\"800\" height=\"448\" src=\"https:\/\/netclean.com.mx\/wp-content\/uploads\/2025\/11\/NetClean_images_1-1024x573.jpg\" class=\"attachment-large size-large wp-image-3708\" alt=\"\" srcset=\"https:\/\/netclean.com.mx\/wp-content\/uploads\/2025\/11\/NetClean_images_1-1024x573.jpg 1024w, https:\/\/netclean.com.mx\/wp-content\/uploads\/2025\/11\/NetClean_images_1-300x168.jpg 300w, https:\/\/netclean.com.mx\/wp-content\/uploads\/2025\/11\/NetClean_images_1-768x430.jpg 768w, https:\/\/netclean.com.mx\/wp-content\/uploads\/2025\/11\/NetClean_images_1-1536x860.jpg 1536w, https:\/\/netclean.com.mx\/wp-content\/uploads\/2025\/11\/NetClean_images_1.jpg 1600w\" sizes=\"(max-width: 800px) 100vw, 800px\" \/>\t\t\t\t\t\t\t\t\t\t\t\t\t\t\t<\/div>\n\t\t\t\t<div class=\"elementor-element elementor-element-323a745 elementor-widget elementor-widget-text-editor\" data-id=\"323a745\" data-element_type=\"widget\" data-e-type=\"widget\" data-widget_type=\"text-editor.default\">\n\t\t\t\t\t\t\t\t\t<p data-start=\"845\" data-end=\"878\"><span style=\"text-decoration: underline;\"><em><strong data-start=\"845\" data-end=\"878\">Limpieza de Sof\u00e1s y Colchones<\/strong><\/em><\/span><\/p><blockquote data-start=\"880\" data-end=\"1000\"><p data-start=\"882\" data-end=\"1000\">Eliminamos manchas, \u00e1caros y suciedad acumulada en sof\u00e1s y colchones, mejorando la higiene y prolongando su vida \u00fatil.<\/p><\/blockquote>\t\t\t\t\t\t\t\t<\/div>\n\t\t\t\t<\/div>\n\t\t\t\t<\/div>\n\t\t<div class=\"elementor-element elementor-element-9af1aa5 e-con-full e-flex e-con e-child\" data-id=\"9af1aa5\" data-element_type=\"container\" data-e-type=\"container\" data-settings=\"{&quot;background_background&quot;:&quot;classic&quot;}\">\n\t\t\t\t<div class=\"elementor-element elementor-element-3d15226 elementor-widget elementor-widget-heading\" data-id=\"3d15226\" data-element_type=\"widget\" data-e-type=\"widget\" data-widget_type=\"heading.default\">\n\t\t\t\t\t<h2 class=\"elementor-heading-title elementor-size-default\">Nuestros servicios<\/h2>\t\t\t\t<\/div>\n\t\t\t\t<div class=\"elementor-element elementor-element-08657d5 elementor-view-default elementor-widget elementor-widget-icon\" data-id=\"08657d5\" data-element_type=\"widget\" data-e-type=\"widget\" data-widget_type=\"icon.default\">\n\t\t\t\t\t\t\t<div class=\"elementor-icon-wrapper\">\n\t\t\t<div class=\"elementor-icon\">\n\t\t\t<svg aria-hidden=\"true\" class=\"e-font-icon-svg e-fas-bed\" viewBox=\"0 0 640 512\" xmlns=\"http:\/\/www.w3.org\/2000\/svg\"><path d=\"M176 256c44.11 0 80-35.89 80-80s-35.89-80-80-80-80 35.89-80 80 35.89 80 80 80zm352-128H304c-8.84 0-16 7.16-16 16v144H64V80c0-8.84-7.16-16-16-16H16C7.16 64 0 71.16 0 80v352c0 8.84 7.16 16 16 16h32c8.84 0 16-7.16 16-16v-48h512v48c0 8.84 7.16 16 16 16h32c8.84 0 16-7.16 16-16V240c0-61.86-50.14-112-112-112z\"><\/path><\/svg>\t\t\t<\/div>\n\t\t<\/div>\n\t\t\t\t\t\t<\/div>\n\t\t\t\t<div class=\"elementor-element elementor-element-f2de0e1 elementor-widget elementor-widget-heading\" data-id=\"f2de0e1\" data-element_type=\"widget\" data-e-type=\"widget\" data-widget_type=\"heading.default\">\n\t\t\t\t\t<h4 class=\"elementor-heading-title elementor-size-default\"><a href=\"https:\/\/netclean.com.mx\/limpieza-colchones-tulum\/\">Limpieza de colchones<\/a><\/h4>\t\t\t\t<\/div>\n\t\t\t\t<div class=\"elementor-element elementor-element-29c63dd elementor-view-default elementor-widget elementor-widget-icon\" data-id=\"29c63dd\" data-element_type=\"widget\" data-e-type=\"widget\" data-widget_type=\"icon.default\">\n\t\t\t\t\t\t\t<div class=\"elementor-icon-wrapper\">\n\t\t\t<div class=\"elementor-icon\">\n\t\t\t<svg aria-hidden=\"true\" class=\"e-font-icon-svg e-fas-chair\" viewBox=\"0 0 448 512\" xmlns=\"http:\/\/www.w3.org\/2000\/svg\"><path d=\"M112 128c0-29.5 16.2-55 40-68.9V256h48V48h48v208h48V59.1c23.8 13.9 40 39.4 40 68.9v128h48V128C384 57.3 326.7 0 256 0h-64C121.3 0 64 57.3 64 128v128h48zm334.3 213.9l-10.7-32c-4.4-13.1-16.6-21.9-30.4-21.9H42.7c-13.8 0-26 8.8-30.4 21.9l-10.7 32C-5.2 362.6 10.2 384 32 384v112c0 8.8 7.2 16 16 16h32c8.8 0 16-7.2 16-16V384h256v112c0 8.8 7.2 16 16 16h32c8.8 0 16-7.2 16-16V384c21.8 0 37.2-21.4 30.3-42.1z\"><\/path><\/svg>\t\t\t<\/div>\n\t\t<\/div>\n\t\t\t\t\t\t<\/div>\n\t\t\t\t<div class=\"elementor-element elementor-element-8739bee elementor-widget elementor-widget-heading\" data-id=\"8739bee\" data-element_type=\"widget\" data-e-type=\"widget\" data-widget_type=\"heading.default\">\n\t\t\t\t\t<h4 class=\"elementor-heading-title elementor-size-default\"><a href=\"https:\/\/netclean.com.mx\/limpieza-de-sofas-en-tulum\/\">Limpieza de sofas<\/a><\/h4>\t\t\t\t<\/div>\n\t\t\t\t<\/div>\n\t\t<div class=\"elementor-element elementor-element-b3a70d8 e-con-full e-flex e-con e-child\" data-id=\"b3a70d8\" data-element_type=\"container\" data-e-type=\"container\" data-settings=\"{&quot;background_background&quot;:&quot;classic&quot;}\">\n\t\t\t\t<div class=\"elementor-element elementor-element-99126e5 elementor-widget elementor-widget-heading\" data-id=\"99126e5\" data-element_type=\"widget\" data-e-type=\"widget\" data-widget_type=\"heading.default\">\n\t\t\t\t\t<h2 class=\"elementor-heading-title elementor-size-default\">\u00bfPor qu\u00e9 elegir NetClean?<\/h2>\t\t\t\t<\/div>\n\t\t\t\t<div class=\"elementor-element elementor-element-8a804c5 elementor-widget elementor-widget-text-editor\" data-id=\"8a804c5\" data-element_type=\"widget\" data-e-type=\"widget\" data-widget_type=\"text-editor.default\">\n\t\t\t\t\t\t\t\t\t<h3 data-section-id=\"p1ntz6\" data-start=\"658\" data-end=\"686\">\u2714\ufe0f Personal Capacitado<\/h3><blockquote data-start=\"687\" data-end=\"780\"><p data-start=\"689\" data-end=\"780\">Contamos con un equipo profesional altamente capacitado para ofrecer resultados de calidad.<\/p><\/blockquote><hr data-start=\"782\" data-end=\"785\" \/><h3 data-section-id=\"1dqkrt9\" data-start=\"787\" data-end=\"816\">\u2714\ufe0f Productos de Calidad<\/h3><blockquote data-start=\"817\" data-end=\"901\"><p data-start=\"819\" data-end=\"901\">Utilizamos productos y equipos especializados para una limpieza efectiva y segura.<\/p><\/blockquote><hr data-start=\"903\" data-end=\"906\" \/><h3 data-section-id=\"vl13gb\" data-start=\"908\" data-end=\"932\">\u2714\ufe0f Atenci\u00f3n R\u00e1pida<\/h3><blockquote data-start=\"933\" data-end=\"1013\"><p data-start=\"935\" data-end=\"1013\">Respondemos de forma r\u00e1pida y eficiente a cada solicitud de nuestros clientes.<\/p><\/blockquote><hr data-start=\"1015\" data-end=\"1018\" \/><h3 data-section-id=\"ubs6co\" data-start=\"1020\" data-end=\"1052\">\u2714\ufe0f Resultados Garantizados<\/h3><blockquote data-start=\"1053\" data-end=\"1133\"><p data-start=\"1055\" data-end=\"1133\">Nos comprometemos a dejar cada espacio impecable y a superar tus expectativas.<\/p><\/blockquote>\t\t\t\t\t\t\t\t<\/div>\n\t\t\t\t<\/div>\n\t\t<div class=\"elementor-element elementor-element-4a6db39 e-con-full e-flex e-con e-child\" data-id=\"4a6db39\" data-element_type=\"container\" data-e-type=\"container\">\n\t\t<div class=\"elementor-element elementor-element-89b3f87 e-con-full e-flex e-con e-child\" data-id=\"89b3f87\" data-element_type=\"container\" data-e-type=\"container\">\n\t\t\t\t<div class=\"elementor-element elementor-element-730b608 elementor-widget elementor-widget-heading\" data-id=\"730b608\" data-element_type=\"widget\" data-e-type=\"widget\" data-widget_type=\"heading.default\">\n\t\t\t\t\t<h2 class=\"elementor-heading-title elementor-size-default\">Nuestros Trabajos<\/h2>\t\t\t\t<\/div>\n\t\t\t\t<div class=\"elementor-element elementor-element-30e9b37 gallery-spacing-custom elementor-widget elementor-widget-image-gallery\" data-id=\"30e9b37\" data-element_type=\"widget\" data-e-type=\"widget\" data-widget_type=\"image-gallery.default\">\n\t\t\t\t\t\t\t<div class=\"elementor-image-gallery\">\n\t\t\t<div id='gallery-1' class='gallery galleryid-3641 gallery-columns-4 gallery-size-thumbnail'><figure class='gallery-item'>\n\t\t\t<div class='gallery-icon portrait'>\n\t\t\t\t<a data-elementor-open-lightbox=\"yes\" data-elementor-lightbox-slideshow=\"30e9b37\" data-e-action-hash=\"#elementor-action%3Aaction%3Dlightbox%26settings%3DeyJpZCI6Mzk0NSwidXJsIjoiaHR0cHM6XC9cL25ldGNsZWFuLmNvbS5teFwvd3AtY29udGVudFwvdXBsb2Fkc1wvMjAyNlwvMDNcL25ldF9pbWFnZV85LTEuanBlZyIsInNsaWRlc2hvdyI6IjMwZTliMzcifQ%3D%3D\" href='https:\/\/netclean.com.mx\/wp-content\/uploads\/2026\/03\/net_image_9-1.jpeg'><img loading=\"lazy\" decoding=\"async\" width=\"150\" height=\"150\" src=\"https:\/\/netclean.com.mx\/wp-content\/uploads\/2026\/03\/net_image_9-1-150x150.jpeg\" class=\"attachment-thumbnail size-thumbnail\" alt=\"\" \/><\/a>\n\t\t\t<\/div><\/figure><figure class='gallery-item'>\n\t\t\t<div class='gallery-icon portrait'>\n\t\t\t\t<a data-elementor-open-lightbox=\"yes\" data-elementor-lightbox-slideshow=\"30e9b37\" data-e-action-hash=\"#elementor-action%3Aaction%3Dlightbox%26settings%3DeyJpZCI6Mzk0NiwidXJsIjoiaHR0cHM6XC9cL25ldGNsZWFuLmNvbS5teFwvd3AtY29udGVudFwvdXBsb2Fkc1wvMjAyNlwvMDNcL25ldF9pbWFnZV84LTEuanBlZyIsInNsaWRlc2hvdyI6IjMwZTliMzcifQ%3D%3D\" href='https:\/\/netclean.com.mx\/wp-content\/uploads\/2026\/03\/net_image_8-1.jpeg'><img loading=\"lazy\" decoding=\"async\" width=\"150\" height=\"150\" src=\"https:\/\/netclean.com.mx\/wp-content\/uploads\/2026\/03\/net_image_8-1-150x150.jpeg\" class=\"attachment-thumbnail size-thumbnail\" alt=\"\" \/><\/a>\n\t\t\t<\/div><\/figure><figure class='gallery-item'>\n\t\t\t<div class='gallery-icon portrait'>\n\t\t\t\t<a data-elementor-open-lightbox=\"yes\" data-elementor-lightbox-slideshow=\"30e9b37\" data-e-action-hash=\"#elementor-action%3Aaction%3Dlightbox%26settings%3DeyJpZCI6MzkxNywidXJsIjoiaHR0cHM6XC9cL25ldGNsZWFuLmNvbS5teFwvd3AtY29udGVudFwvdXBsb2Fkc1wvMjAyNlwvMDNcL25ldF9pbWFnZV80LmpwZWciLCJzbGlkZXNob3ciOiIzMGU5YjM3In0%3D\" href='https:\/\/netclean.com.mx\/wp-content\/uploads\/2026\/03\/net_image_4.jpeg'><img loading=\"lazy\" decoding=\"async\" width=\"150\" height=\"150\" src=\"https:\/\/netclean.com.mx\/wp-content\/uploads\/2026\/03\/net_image_4-150x150.jpeg\" class=\"attachment-thumbnail size-thumbnail\" alt=\"\" \/><\/a>\n\t\t\t<\/div><\/figure><figure class='gallery-item'>\n\t\t\t<div class='gallery-icon portrait'>\n\t\t\t\t<a data-elementor-open-lightbox=\"yes\" data-elementor-lightbox-slideshow=\"30e9b37\" data-e-action-hash=\"#elementor-action%3Aaction%3Dlightbox%26settings%3DeyJpZCI6Mzk0OCwidXJsIjoiaHR0cHM6XC9cL25ldGNsZWFuLmNvbS5teFwvd3AtY29udGVudFwvdXBsb2Fkc1wvMjAyNlwvMDNcL25ldF9pbWFnZV8xMS0xLmpwZWciLCJzbGlkZXNob3ciOiIzMGU5YjM3In0%3D\" href='https:\/\/netclean.com.mx\/wp-content\/uploads\/2026\/03\/net_image_11-1.jpeg'><img loading=\"lazy\" decoding=\"async\" width=\"150\" height=\"150\" src=\"https:\/\/netclean.com.mx\/wp-content\/uploads\/2026\/03\/net_image_11-1-150x150.jpeg\" class=\"attachment-thumbnail size-thumbnail\" alt=\"\" \/><\/a>\n\t\t\t<\/div><\/figure>\n\t\t<\/div>\n\t\t<\/div>\n\t\t\t\t\t\t<\/div>\n\t\t<div class=\"elementor-element elementor-element-a266ba4 e-con-full e-flex e-con e-child\" data-id=\"a266ba4\" data-element_type=\"container\" data-e-type=\"container\">\n\t\t\t\t<div class=\"elementor-element elementor-element-69e7c3f elementor-widget elementor-widget-heading\" data-id=\"69e7c3f\" data-element_type=\"widget\" data-e-type=\"widget\" data-widget_type=\"heading.default\">\n\t\t\t\t\t<h2 class=\"elementor-heading-title elementor-size-default\">\u00bfD\u00f3nde trabajamos?<\/h2>\t\t\t\t<\/div>\n\t\t\t\t<div class=\"elementor-element elementor-element-1b1f1ad elementor-widget elementor-widget-text-editor\" data-id=\"1b1f1ad\" data-element_type=\"widget\" data-e-type=\"widget\" data-widget_type=\"text-editor.default\">\n\t\t\t\t\t\t\t\t\t<p>Ofrecemos servicios de limpieza profesional en [tu zona]. Cont\u00e1ctanos y llegamos hasta ti.<\/p>\t\t\t\t\t\t\t\t<\/div>\n\t\t\t\t<div class=\"elementor-element elementor-element-fff65e4 elementor-invisible elementor-widget elementor-widget-google_maps\" data-id=\"fff65e4\" data-element_type=\"widget\" data-e-type=\"widget\" data-settings=\"{&quot;_animation&quot;:&quot;fadeInUp&quot;}\" data-widget_type=\"google_maps.default\">\n\t\t\t\t\t\t\t<div class=\"elementor-custom-embed\">\n\t\t\t<iframe loading=\"lazy\"\n\t\t\t\t\tsrc=\"https:\/\/maps.google.com\/maps?q=20%C2%B012%2738.7%20N%2087%C2%B028%2758.1%20W&#038;t=m&#038;z=14&#038;output=embed&#038;iwloc=near\"\n\t\t\t\t\ttitle=\"20\u00b012&#039;38.7 N 87\u00b028&#039;58.1 W\"\n\t\t\t\t\taria-label=\"20\u00b012&#039;38.7 N 87\u00b028&#039;58.1 W\"\n\t\t\t><\/iframe>\n\t\t<\/div>\n\t\t\t\t\t\t<\/div>\n\t\t\t\t<\/div>\n\t\t\t\t<\/div>\n\t\t<div class=\"elementor-element elementor-element-1c5c665 e-con-full e-flex e-con e-child\" data-id=\"1c5c665\" data-element_type=\"container\" data-e-type=\"container\">\n\t\t\t\t<div class=\"elementor-element elementor-element-2c68978 elementor-widget elementor-widget-heading\" data-id=\"2c68978\" data-element_type=\"widget\" data-e-type=\"widget\" data-widget_type=\"heading.default\">\n\t\t\t\t\t<h2 class=\"elementor-heading-title elementor-size-default\">Solicita tu presupuesto<\/h2>\t\t\t\t<\/div>\n\t\t\t\t<div class=\"elementor-element elementor-element-a7f58bd elementor-widget elementor-widget-text-editor\" data-id=\"a7f58bd\" data-element_type=\"widget\" data-e-type=\"widget\" data-widget_type=\"text-editor.default\">\n\t\t\t\t\t\t\t\t\t<p>Empresa de limpieza profesional en Tulum. Servicios de limpieza para oficinas, hogares y negocios. \u00a1Cotiza hoy con NetClean!<\/p>\t\t\t\t\t\t\t\t<\/div>\n\t\t\t\t<div class=\"elementor-element elementor-element-044d2d6 elementor-align-center elementor-widget elementor-widget-button\" data-id=\"044d2d6\" data-element_type=\"widget\" data-e-type=\"widget\" data-widget_type=\"button.default\">\n\t\t\t\t\t\t\t\t\t\t<a class=\"elementor-button elementor-button-link elementor-size-sm\" href=\"\/cotizacion\" id=\"cotizacion\">\n\t\t\t\t\t\t<span class=\"elementor-button-content-wrapper\">\n\t\t\t\t\t\t<span class=\"elementor-button-icon\">\n\t\t\t\t<svg aria-hidden=\"true\" class=\"e-font-icon-svg e-far-paper-plane\" viewBox=\"0 0 512 512\" xmlns=\"http:\/\/www.w3.org\/2000\/svg\"><path d=\"M440 6.5L24 246.4c-34.4 19.9-31.1 70.8 5.7 85.9L144 379.6V464c0 46.4 59.2 65.5 86.6 28.6l43.8-59.1 111.9 46.2c5.9 2.4 12.1 3.6 18.3 3.6 8.2 0 16.3-2.1 23.6-6.2 12.8-7.2 21.6-20 23.9-34.5l59.4-387.2c6.1-40.1-36.9-68.8-71.5-48.9zM192 464v-64.6l36.6 15.1L192 464zm212.6-28.7l-153.8-63.5L391 169.5c10.7-15.5-9.5-33.5-23.7-21.2L155.8 332.6 48 288 464 48l-59.4 387.3z\"><\/path><\/svg>\t\t\t<\/span>\n\t\t\t\t\t\t\t\t\t<span class=\"elementor-button-text\">cotiza ahora<\/span>\n\t\t\t\t\t<\/span>\n\t\t\t\t\t<\/a>\n\t\t\t\t\t\t\t\t<\/div>\n\t\t\t\t<\/div>\n\t\t\t\t<\/div>\n\t\t\t\t<div class=\"elementor-element elementor-element-11c86a1 elementor-shape-rounded elementor-grid-0 e-grid-align-center elementor-widget elementor-widget-social-icons\" data-id=\"11c86a1\" data-element_type=\"widget\" data-e-type=\"widget\" data-widget_type=\"social-icons.default\">\n\t\t\t\t\t\t\t<div class=\"elementor-social-icons-wrapper elementor-grid\" role=\"list\">\n\t\t\t\t\t\t\t<span class=\"elementor-grid-item\" role=\"listitem\">\n\t\t\t\t\t<a class=\"elementor-icon elementor-social-icon elementor-social-icon-facebook elementor-repeater-item-8eccbec\" href=\"https:\/\/www.facebook.com\/share\/17PuzLXHjE\/\" target=\"_blank\" rel=\"noopener\">\n\t\t\t\t\t\t<span class=\"elementor-screen-only\">Facebook<\/span>\n\t\t\t\t\t\t<svg aria-hidden=\"true\" class=\"e-font-icon-svg e-fab-facebook\" viewBox=\"0 0 512 512\" xmlns=\"http:\/\/www.w3.org\/2000\/svg\"><path d=\"M504 256C504 119 393 8 256 8S8 119 8 256c0 123.78 90.69 226.38 209.25 245V327.69h-63V256h63v-54.64c0-62.15 37-96.48 93.67-96.48 27.14 0 55.52 4.84 55.52 4.84v61h-31.28c-30.8 0-40.41 19.12-40.41 38.73V256h68.78l-11 71.69h-57.78V501C413.31 482.38 504 379.78 504 256z\"><\/path><\/svg>\t\t\t\t\t<\/a>\n\t\t\t\t<\/span>\n\t\t\t\t\t\t\t<span class=\"elementor-grid-item\" role=\"listitem\">\n\t\t\t\t\t<a class=\"elementor-icon elementor-social-icon elementor-social-icon-instagram elementor-repeater-item-9fac0cb\" href=\"https:\/\/www.instagram.com\/netcleanpdc?igsh=Zmhkdzd1eHcweGQ1\" target=\"_blank\" rel=\"noopener\">\n\t\t\t\t\t\t<span class=\"elementor-screen-only\">Instagram<\/span>\n\t\t\t\t\t\t<svg aria-hidden=\"true\" class=\"e-font-icon-svg e-fab-instagram\" viewBox=\"0 0 448 512\" xmlns=\"http:\/\/www.w3.org\/2000\/svg\"><path d=\"M224.1 141c-63.6 0-114.9 51.3-114.9 114.9s51.3 114.9 114.9 114.9S339 319.5 339 255.9 287.7 141 224.1 141zm0 189.6c-41.1 0-74.7-33.5-74.7-74.7s33.5-74.7 74.7-74.7 74.7 33.5 74.7 74.7-33.6 74.7-74.7 74.7zm146.4-194.3c0 14.9-12 26.8-26.8 26.8-14.9 0-26.8-12-26.8-26.8s12-26.8 26.8-26.8 26.8 12 26.8 26.8zm76.1 27.2c-1.7-35.9-9.9-67.7-36.2-93.9-26.2-26.2-58-34.4-93.9-36.2-37-2.1-147.9-2.1-184.9 0-35.8 1.7-67.6 9.9-93.9 36.1s-34.4 58-36.2 93.9c-2.1 37-2.1 147.9 0 184.9 1.7 35.9 9.9 67.7 36.2 93.9s58 34.4 93.9 36.2c37 2.1 147.9 2.1 184.9 0 35.9-1.7 67.7-9.9 93.9-36.2 26.2-26.2 34.4-58 36.2-93.9 2.1-37 2.1-147.8 0-184.8zM398.8 388c-7.8 19.6-22.9 34.7-42.6 42.6-29.5 11.7-99.5 9-132.1 9s-102.7 2.6-132.1-9c-19.6-7.8-34.7-22.9-42.6-42.6-11.7-29.5-9-99.5-9-132.1s-2.6-102.7 9-132.1c7.8-19.6 22.9-34.7 42.6-42.6 29.5-11.7 99.5-9 132.1-9s102.7-2.6 132.1 9c19.6 7.8 34.7 22.9 42.6 42.6 11.7 29.5 9 99.5 9 132.1s2.7 102.7-9 132.1z\"><\/path><\/svg>\t\t\t\t\t<\/a>\n\t\t\t\t<\/span>\n\t\t\t\t\t<\/div>\n\t\t\t\t\t\t<\/div>\n\t\t\t\t\t<\/div>\n\t\t\t\t<\/div>\n\t\t<div class=\"elementor-element elementor-element-b875f09 e-flex e-con-boxed e-con e-parent\" data-id=\"b875f09\" data-element_type=\"container\" data-e-type=\"container\">\n\t\t\t\t\t<div class=\"e-con-inner\">\n\t\t<div class=\"elementor-element elementor-element-303646b e-con-full e-flex e-con e-child\" data-id=\"303646b\" data-element_type=\"container\" data-e-type=\"container\">\n\t\t\t\t<\/div>\n\t\t<div class=\"elementor-element elementor-element-35ae917 e-con-full e-flex e-con e-child\" data-id=\"35ae917\" data-element_type=\"container\" data-e-type=\"container\">\n\t\t\t\t<\/div>\n\t\t\t\t\t<\/div>\n\t\t\t\t<\/div>\n\t\t\t\t<\/div>\n\t\t","protected":false},"excerpt":{"rendered":"<p>Servicio de limpieza Nuestros Servicios de Limpieza Limpieza y mantenimiento de Condominios Servicio completo de limpieza y mantenimiento para condominios y residenciales, garantizando espacios limpios, seguros y bien cuidados para todos los residentes. Limpieza Integral Limpieza profunda para hogares, oficinas y negocios. Nos encargamos de cada detalle para dejar tus espacios impecables y libres de [&hellip;]<\/p>\n","protected":false},"author":1,"featured_media":0,"parent":0,"menu_order":0,"comment_status":"closed","ping_status":"closed","template":"elementor_header_footer","meta":{"_uag_custom_page_level_css":"","_themeisle_gutenberg_block_has_review":false,"_kadence_starter_templates_imported_post":false,"footnotes":""},"class_list":["post-3641","page","type-page","status-publish","hentry"],"_hostinger_reach_plugin_has_subscription_block":false,"_hostinger_reach_plugin_is_elementor":false,"uagb_featured_image_src":{"full":false,"thumbnail":false,"medium":false,"medium_large":false,"large":false,"1536x1536":false,"2048x2048":false,"trp-custom-language-flag":false},"uagb_author_info":{"display_name":"netcleanpdc@gmail.com","author_link":"https:\/\/netclean.com.mx\/en\/author\/netcleanpdcgmail-com\/"},"uagb_comment_info":0,"uagb_excerpt":"Servicio de limpieza Nuestros Servicios de Limpieza Limpieza y mantenimiento de Condominios Servicio completo de limpieza y mantenimiento para condominios y residenciales, garantizando espacios limpios, seguros y bien cuidados para todos los residentes. Limpieza Integral Limpieza profunda para hogares, oficinas y negocios. Nos encargamos de cada detalle para dejar tus espacios impecables y libres de&hellip;","_links":{"self":[{"href":"https:\/\/netclean.com.mx\/en\/wp-json\/wp\/v2\/pages\/3641","targetHints":{"allow":["GET"]}}],"collection":[{"href":"https:\/\/netclean.com.mx\/en\/wp-json\/wp\/v2\/pages"}],"about":[{"href":"https:\/\/netclean.com.mx\/en\/wp-json\/wp\/v2\/types\/page"}],"author":[{"embeddable":true,"href":"https:\/\/netclean.com.mx\/en\/wp-json\/wp\/v2\/users\/1"}],"replies":[{"embeddable":true,"href":"https:\/\/netclean.com.mx\/en\/wp-json\/wp\/v2\/comments?post=3641"}],"version-history":[{"count":445,"href":"https:\/\/netclean.com.mx\/en\/wp-json\/wp\/v2\/pages\/3641\/revisions"}],"predecessor-version":[{"id":4576,"href":"https:\/\/netclean.com.mx\/en\/wp-json\/wp\/v2\/pages\/3641\/revisions\/4576"}],"wp:attachment":[{"href":"https:\/\/netclean.com.mx\/en\/wp-json\/wp\/v2\/media?parent=3641"}],"curies":[{"name":"wp","href":"https:\/\/api.w.org\/{rel}","templated":true}]}}