{"id":4315,"date":"2026-03-26T20:09:12","date_gmt":"2026-03-26T20:09:12","guid":{"rendered":"https:\/\/netclean.com.mx\/?page_id=4315"},"modified":"2026-03-30T14:18:13","modified_gmt":"2026-03-30T14:18:13","slug":"limpieza-colchones-tulum","status":"publish","type":"page","link":"https:\/\/netclean.com.mx\/en\/limpieza-colchones-tulum\/","title":{"rendered":"Limpieza de Colchones en Tulum"},"content":{"rendered":"<div data-elementor-type=\"wp-page\" data-elementor-id=\"4315\" class=\"elementor elementor-4315\">\n\t\t\t\t<div class=\"elementor-element elementor-element-c1d13d4 e-flex e-con-boxed e-con e-parent\" data-id=\"c1d13d4\" data-element_type=\"container\" data-e-type=\"container\">\n\t\t\t\t\t<div class=\"e-con-inner\">\n\t\t<div class=\"elementor-element elementor-element-eb27830 e-con-full e-flex e-con e-child\" data-id=\"eb27830\" data-element_type=\"container\" data-e-type=\"container\">\n\t\t\t\t<div class=\"elementor-element elementor-element-00ff0c7 elementor-widget elementor-widget-heading\" data-id=\"00ff0c7\" data-element_type=\"widget\" data-e-type=\"widget\" data-widget_type=\"heading.default\">\n\t\t\t\t\t<h1 class=\"elementor-heading-title elementor-size-default\">Limpieza de colchones<\/h1>\t\t\t\t<\/div>\n\t\t\t\t<div class=\"elementor-element elementor-element-93549fa elementor-widget elementor-widget-text-editor\" data-id=\"93549fa\" data-element_type=\"widget\" data-e-type=\"widget\" data-widget_type=\"text-editor.default\">\n\t\t\t\t\t\t\t\t\t<p>Brindamos la mejor limpieza y cuidado de tus colchones en Tulum.&nbsp;<\/p>\n<p>Contactanos.<\/p>\n<p>Tambi\u00e9n ofrecemos limpieza de sof\u00e1s en Tulum.<\/p><p>Click debajo.<\/p>\n<p><a style=\"background-color: #a8e6cf; color: #7a7a7a;\" href=\"https:\/\/netclean.com.mx\/en\/limpieza-de-sofas-en-tulum\/\">Limpieza de Sof\u00e1s en Tulum<\/a><\/p>\t\t\t\t\t\t\t\t<\/div>\n\t\t\t\t<\/div>\n\t\t<div class=\"elementor-element elementor-element-6865f08 e-con-full e-flex e-con e-child\" data-id=\"6865f08\" data-element_type=\"container\" data-e-type=\"container\">\n\t\t\t\t<div class=\"elementor-element elementor-element-6860ed3 elementor-widget elementor-widget-image\" data-id=\"6860ed3\" data-element_type=\"widget\" data-e-type=\"widget\" data-widget_type=\"image.default\">\n\t\t\t\t\t\t\t\t\t\t\t\t\t\t\t<img fetchpriority=\"high\" decoding=\"async\" width=\"800\" height=\"800\" src=\"https:\/\/netclean.com.mx\/wp-content\/uploads\/2026\/03\/image_net_sofas_colchones-2.png\" class=\"attachment-large size-large wp-image-3907\" alt=\"\" srcset=\"https:\/\/netclean.com.mx\/wp-content\/uploads\/2026\/03\/image_net_sofas_colchones-2.png 1024w, https:\/\/netclean.com.mx\/wp-content\/uploads\/2026\/03\/image_net_sofas_colchones-2-300x300.png 300w, https:\/\/netclean.com.mx\/wp-content\/uploads\/2026\/03\/image_net_sofas_colchones-2-150x150.png 150w, https:\/\/netclean.com.mx\/wp-content\/uploads\/2026\/03\/image_net_sofas_colchones-2-768x768.png 768w\" sizes=\"(max-width: 800px) 100vw, 800px\" \/>\t\t\t\t\t\t\t\t\t\t\t\t\t\t\t<\/div>\n\t\t\t\t<\/div>\n\t\t\t\t\t<\/div>\n\t\t\t\t<\/div>\n\t\t\t\t<\/div>","protected":false},"excerpt":{"rendered":"<p>Limpieza de colchones Brindamos la mejor limpieza y cuidado de tus colchones en Tulum.&nbsp; Contactanos. Tambi\u00e9n ofrecemos limpieza de sof\u00e1s en Tulum. Click debajo. Limpieza de Sof\u00e1s en Tulum<\/p>","protected":false},"author":1,"featured_media":0,"parent":0,"menu_order":0,"comment_status":"closed","ping_status":"closed","template":"elementor_header_footer","meta":{"_uag_custom_page_level_css":"","_themeisle_gutenberg_block_has_review":false,"_kadence_starter_templates_imported_post":false,"footnotes":""},"class_list":["post-4315","page","type-page","status-publish","hentry"],"_hostinger_reach_plugin_has_subscription_block":false,"_hostinger_reach_plugin_is_elementor":false,"uagb_featured_image_src":{"full":false,"thumbnail":false,"medium":false,"medium_large":false,"large":false,"1536x1536":false,"2048x2048":false,"trp-custom-language-flag":false},"uagb_author_info":{"display_name":"netcleanpdc@gmail.com","author_link":"https:\/\/netclean.com.mx\/en\/author\/netcleanpdcgmail-com\/"},"uagb_comment_info":0,"uagb_excerpt":"Limpieza de colchones Brindamos la mejor limpieza y cuidado de tus colchones en Tulum.&nbsp; Contactanos. Tambi\u00e9n ofrecemos limpieza de sof\u00e1s en Tulum. Click debajo. Limpieza de Sof\u00e1s en Tulum","_links":{"self":[{"href":"https:\/\/netclean.com.mx\/en\/wp-json\/wp\/v2\/pages\/4315","targetHints":{"allow":["GET"]}}],"collection":[{"href":"https:\/\/netclean.com.mx\/en\/wp-json\/wp\/v2\/pages"}],"about":[{"href":"https:\/\/netclean.com.mx\/en\/wp-json\/wp\/v2\/types\/page"}],"author":[{"embeddable":true,"href":"https:\/\/netclean.com.mx\/en\/wp-json\/wp\/v2\/users\/1"}],"replies":[{"embeddable":true,"href":"https:\/\/netclean.com.mx\/en\/wp-json\/wp\/v2\/comments?post=4315"}],"version-history":[{"count":16,"href":"https:\/\/netclean.com.mx\/en\/wp-json\/wp\/v2\/pages\/4315\/revisions"}],"predecessor-version":[{"id":4507,"href":"https:\/\/netclean.com.mx\/en\/wp-json\/wp\/v2\/pages\/4315\/revisions\/4507"}],"wp:attachment":[{"href":"https:\/\/netclean.com.mx\/en\/wp-json\/wp\/v2\/media?parent=4315"}],"curies":[{"name":"wp","href":"https:\/\/api.w.org\/{rel}","templated":true}]}}